{"id":6379,"date":"2017-02-23T03:13:36","date_gmt":"2017-02-22T23:13:36","guid":{"rendered":"http:\/\/911exterminateur.com\/?page_id=6379"},"modified":"2026-02-18T23:42:58","modified_gmt":"2026-02-19T03:42:58","slug":"conditions-dutilisation","status":"publish","type":"page","link":"https:\/\/911exterminateur.com\/en\/conditions-dutilisation\/","title":{"rendered":"Conditions of use"},"content":{"rendered":"<div class=\"et_pb_module et_pb_text et_pb_text_0 et_pb_text_align_left et_pb_bg_layout_light\">\n<div class=\"et_pb_text_inner\">\n<h1>Privacy policy<\/h1>\n<\/div>\n<\/div>\n<div class=\"et_pb_module et_pb_text et_pb_text_1 et_pb_text_align_left et_pb_bg_layout_light\">\n<div class=\"et_pb_text_inner\">\n<p>August 21, 2023<\/p>\n<p>ARTICLE 1 - PERSONAL INFORMATION COLLECTED<br \/>\nWhen you fill out a form on our site, we collect the personal information you provide, such as your name, telephone number and e-mail address.<br \/>\nWhen you browse our site, we also automatically receive the Internet Protocol address (IP address) of your computer, which enables us to obtain more details about the browser and operating system you are using.<br \/>\nE-mail marketing (if applicable): With your permission, we may send you e-mails about our site, new products or services, and other updates.<\/p>\n<p>ARTICLE 2 - CONSENT<br \/>\nHow do you obtain my consent?<br \/>\nWhen you provide us with your personal information, we assume that you consent to our collection and use of your information for this purpose only.<br \/>\nIf we ask you to provide us with your personal information for any other reason, for example for marketing purposes, we will ask you directly for your explicit consent, or we will give you the opportunity to refuse.<\/p>\n<p>How can I withdraw my consent?<br \/>\nIf, after having given us your consent, you change your mind and no longer consent to our contacting you, collecting your information or disclosing it, you may notify us by contacting us at jodelisle@exterminationsrivenord.com or by mail at:<br \/>\nRive Nord Extermination<br \/>\n683 Rue Notre-Dame C, Repentigny<br \/>\nQC J6A 2W5, Canada<\/p>\n<p>ARTICLE 3 - DISCLOSURE<br \/>\nWe may disclose your personal information if required to do so by law.<\/p>\n<p>ARTICLE 4 - SERVICES PROVIDED BY THIRD PARTIES<br \/>\nIn general, the third-party suppliers we use will only collect, use and disclose your information to the extent necessary to perform the services they provide to us.<br \/>\nHowever, some third-party service providers have their own privacy policies regarding the information we are required to provide to them for your purchase transactions.<br \/>\nWith respect to these suppliers, we recommend that you read their privacy policies carefully so that you can understand how they will treat your personal information.<br \/>\nKeep in mind that some suppliers may be located, or have facilities located, in a jurisdiction other than yours or ours. Therefore, if you decide to proceed with a transaction that requires the services of a third-party supplier, your information may be governed by the laws of the jurisdiction in which that supplier is located or the jurisdiction in which its facilities are located.<br \/>\nOnce you leave our site or are redirected to a third party website or application, you are no longer governed by this Privacy Policy of our website.<br \/>\nLinks<br \/>\nYou may leave our website by clicking on certain links on our site. We assume no responsibility for the privacy practices of such other sites and recommend that you read their privacy policies carefully.<\/p>\n<p>ARTICLE 5 - SAFETY<br \/>\nTo protect your personal data, we take reasonable precautions and follow industry best practices to ensure that it is not lost, misappropriated, accessed, disclosed, altered or destroyed inappropriately.<\/p>\n<p>ARTICLE 6 - AGE OF CONSENT<br \/>\nBy using this site, you represent that you are at least the age of majority in your state or province of residence, and that you have given us your consent to allow any minor dependent of yours to use this web site.<\/p>\n<p>ARTICLE 7 - CHANGES TO THIS PRIVACY POLICY<br \/>\nWe reserve the right to change this privacy policy at any time, so please check back frequently. Changes and clarifications will take effect immediately upon posting on the website. If we make any changes to the content of this policy, we will notify you here that it has been updated, so that you will know what information we collect, how we use it, and under what circumstances, if any, we disclose it.<br \/>\nIf our site is acquired by or merged with another company, your information may be transferred to the new owners so that we can continue to sell products to you.<\/p>\n<p>QUESTIONS AND CONTACT DETAILS<br \/>\nIf you would like to: access, correct, modify or delete any personal information we have about you, file a complaint, or if you would simply like more information, please contact our Privacy Officer at jodelisle@exterminationsrivenord.com or by mail at:<br \/>\nJonathan Delisle<br \/>\nRive Nord Extermination<br \/>\n683 Rue Notre-Dame C, Repentigny<br \/>\nQC J6A 2W5, Canada<\/p>\n<\/div>\n<\/div>","protected":false},"excerpt":{"rendered":"<p>Politique de confidentialit\u00e9 21 ao\u00fbt 2023 ARTICLE 1 \u2013 RENSEIGNEMENTS PERSONNELS RECUEILLIS Lorsque vous remplissez un formulaire sur notre site, nous recueillons les renseignements personnels que vous nous fournissez, tels que votre nom, votre t\u00e9l\u00e9phone et votre adresse e-mail. Lorsque vous naviguez sur notre site, nous recevons \u00e9galement automatiquement l\u2019adresse de protocole Internet (adresse IP) [&hellip;]<\/p>\n","protected":false},"author":1,"featured_media":0,"parent":0,"menu_order":0,"comment_status":"closed","ping_status":"closed","template":"","meta":{"footnotes":""},"class_list":["post-6379","page","type-page","status-publish","hentry"],"yoast_head":"<!-- This site is optimized with the Yoast SEO plugin v27.4 - https:\/\/yoast.com\/product\/yoast-seo-wordpress\/ -->\n<title>Condition d&#039;utilisation | Compagnie d&#039;extermination 911 Exterminateur<\/title>\n<meta name=\"description\" content=\"911 Exterminateur Montr\u00e9al (514) 349-4393 \u2022 Conditions d&#039;utilisation du site Web de notre compagnie de services d&#039;extermination.\" \/>\n<meta name=\"robots\" content=\"noindex, nofollow\" \/>\n<meta property=\"og:locale\" content=\"en_US\" \/>\n<meta property=\"og:type\" content=\"article\" \/>\n<meta property=\"og:title\" content=\"Condition d&#039;utilisation | Compagnie d&#039;extermination 911 Exterminateur\" \/>\n<meta property=\"og:description\" content=\"911 Exterminateur Montr\u00e9al (514) 349-4393 \u2022 Conditions d&#039;utilisation du site Web de notre compagnie de services d&#039;extermination.\" \/>\n<meta property=\"og:url\" content=\"https:\/\/911exterminateur.com\/en\/conditions-dutilisation\/\" \/>\n<meta property=\"og:site_name\" content=\"911 Exterminateur\" \/>\n<meta property=\"article:modified_time\" content=\"2026-02-19T03:42:58+00:00\" \/>\n<meta name=\"twitter:card\" content=\"summary_large_image\" \/>\n<meta name=\"twitter:label1\" content=\"Est. reading time\" \/>\n\t<meta name=\"twitter:data1\" content=\"4 minutes\" \/>\n<script type=\"application\/ld+json\" class=\"yoast-schema-graph\">{\"@context\":\"https:\\\/\\\/schema.org\",\"@graph\":[{\"@type\":\"WebPage\",\"@id\":\"https:\\\/\\\/911exterminateur.com\\\/en\\\/conditions-dutilisation#item\",\"url\":\"https:\\\/\\\/911exterminateur.com\\\/en\\\/conditions-dutilisation\\\/\",\"name\":\"Condition d'utilisation | Compagnie d'extermination 911 Exterminateur\",\"isPartOf\":{\"@id\":\"https:\\\/\\\/911exterminateur.com\\\/#website\"},\"datePublished\":\"2017-02-22T23:13:36+00:00\",\"dateModified\":\"2026-02-19T03:42:58+00:00\",\"description\":\"911 Exterminateur Montr\u00e9al (514) 349-4393 \u2022 Conditions d'utilisation du site Web de notre compagnie de services d'extermination.\",\"breadcrumb\":{\"@id\":\"https:\\\/\\\/911exterminateur.com\\\/conditions-dutilisation\\\/#breadcrumb\"},\"inLanguage\":\"en-CA\",\"potentialAction\":[{\"@type\":\"ReadAction\",\"target\":[\"https:\\\/\\\/911exterminateur.com\\\/conditions-dutilisation\\\/\"]}]},{\"@type\":\"BreadcrumbList\",\"@id\":\"https:\\\/\\\/911exterminateur.com\\\/conditions-dutilisation\\\/#breadcrumb\",\"itemListElement\":[{\"@type\":\"ListItem\",\"position\":1,\"name\":\"Accueil\",\"item\":\"https:\\\/\\\/911exterminateur.com\\\/\"},{\"@type\":\"ListItem\",\"position\":2,\"name\":\"Condition d&#8217;utilisation\"}]},{\"@type\":\"WebSite\",\"@id\":\"https:\\\/\\\/911exterminateur.com\\\/#website\",\"url\":\"https:\\\/\\\/911exterminateur.com\\\/\",\"name\":\"911 Exterminateur\",\"description\":\"Services en extermination dans la r\u00e9gion du grand Montr\u00e9al\",\"publisher\":{\"@id\":\"https:\\\/\\\/911exterminateur.com\\\/en\\\/about-us\\\/#organization\"},\"potentialAction\":[{\"@type\":\"SearchAction\",\"target\":{\"@type\":\"EntryPoint\",\"urlTemplate\":\"https:\\\/\\\/911exterminateur.com\\\/?s={search_term_string}\"},\"query-input\":{\"@type\":\"PropertyValueSpecification\",\"valueRequired\":true,\"valueName\":\"search_term_string\"}}],\"inLanguage\":\"en-CA\"},{\"@type\":\"Organization\",\"@id\":\"https:\\\/\\\/911exterminateur.com\\\/en\\\/about-us\\\/#organization\",\"name\":\"911 Exterminateur\",\"url\":\"https:\\\/\\\/911exterminateur.com\\\/en\\\/\",\"logo\":{\"@type\":\"ImageObject\",\"inLanguage\":\"en-CA\",\"@id\":\"https:\\\/\\\/911exterminateur.com\\\/#\\\/schema\\\/logo\\\/image\\\/\",\"url\":\"https:\\\/\\\/911exterminateur.com\\\/wp-content\\\/uploads\\\/2023\\\/02\\\/logo-911-extermination.png\",\"contentUrl\":\"https:\\\/\\\/911exterminateur.com\\\/wp-content\\\/uploads\\\/2023\\\/02\\\/logo-911-extermination.png\",\"width\":650,\"height\":488,\"caption\":\"911 Exterminateur\"},\"image\":{\"@id\":\"https:\\\/\\\/911exterminateur.com\\\/#\\\/schema\\\/logo\\\/image\\\/\"}}]}<\/script>\n<!-- \/ Yoast SEO plugin. -->","yoast_head_json":{"title":"Terms of use | 911 Extermination Company","description":"911 Exterminateur Montr\u00e9al (514) 349-4393 - Terms of use of our extermination services company's Web site.","robots":{"index":"noindex","follow":"nofollow"},"og_locale":"en_US","og_type":"article","og_title":"Condition d'utilisation | Compagnie d'extermination 911 Exterminateur","og_description":"911 Exterminateur Montr\u00e9al (514) 349-4393 \u2022 Conditions d'utilisation du site Web de notre compagnie de services d'extermination.","og_url":"https:\/\/911exterminateur.com\/en\/conditions-dutilisation\/","og_site_name":"911 Exterminateur","article_modified_time":"2026-02-19T03:42:58+00:00","twitter_card":"summary_large_image","twitter_misc":{"Est. reading time":"4 minutes"},"schema":{"@context":"https:\/\/schema.org","@graph":[{"@type":"WebPage","@id":"https:\/\/911exterminateur.com\/en\/conditions-dutilisation#item","url":"https:\/\/911exterminateur.com\/en\/conditions-dutilisation\/","name":"Terms of use | 911 Extermination Company","isPartOf":{"@id":"https:\/\/911exterminateur.com\/#website"},"datePublished":"2017-02-22T23:13:36+00:00","dateModified":"2026-02-19T03:42:58+00:00","description":"911 Exterminateur Montr\u00e9al (514) 349-4393 - Terms of use of our extermination services company's Web site.","breadcrumb":{"@id":"https:\/\/911exterminateur.com\/conditions-dutilisation\/#breadcrumb"},"inLanguage":"en-CA","potentialAction":[{"@type":"ReadAction","target":["https:\/\/911exterminateur.com\/conditions-dutilisation\/"]}]},{"@type":"BreadcrumbList","@id":"https:\/\/911exterminateur.com\/conditions-dutilisation\/#breadcrumb","itemListElement":[{"@type":"ListItem","position":1,"name":"Accueil","item":"https:\/\/911exterminateur.com\/"},{"@type":"ListItem","position":2,"name":"Condition d&#8217;utilisation"}]},{"@type":"WebSite","@id":"https:\/\/911exterminateur.com\/#website","url":"https:\/\/911exterminateur.com\/","name":"911 Exterminateur","description":"Extermination services in the greater Montreal area","publisher":{"@id":"https:\/\/911exterminateur.com\/en\/about-us\/#organization"},"potentialAction":[{"@type":"SearchAction","target":{"@type":"EntryPoint","urlTemplate":"https:\/\/911exterminateur.com\/?s={search_term_string}"},"query-input":{"@type":"PropertyValueSpecification","valueRequired":true,"valueName":"search_term_string"}}],"inLanguage":"en-CA"},{"@type":"Organization","@id":"https:\/\/911exterminateur.com\/en\/about-us\/#organization","name":"911 Exterminateur","url":"https:\/\/911exterminateur.com\/en\/","logo":{"@type":"ImageObject","inLanguage":"en-CA","@id":"https:\/\/911exterminateur.com\/#\/schema\/logo\/image\/","url":"https:\/\/911exterminateur.com\/wp-content\/uploads\/2023\/02\/logo-911-extermination.png","contentUrl":"https:\/\/911exterminateur.com\/wp-content\/uploads\/2023\/02\/logo-911-extermination.png","width":650,"height":488,"caption":"911 Exterminateur"},"image":{"@id":"https:\/\/911exterminateur.com\/#\/schema\/logo\/image\/"}}]}},"_links":{"self":[{"href":"https:\/\/911exterminateur.com\/en\/wp-json\/wp\/v2\/pages\/6379","targetHints":{"allow":["GET"]}}],"collection":[{"href":"https:\/\/911exterminateur.com\/en\/wp-json\/wp\/v2\/pages"}],"about":[{"href":"https:\/\/911exterminateur.com\/en\/wp-json\/wp\/v2\/types\/page"}],"author":[{"embeddable":true,"href":"https:\/\/911exterminateur.com\/en\/wp-json\/wp\/v2\/users\/1"}],"replies":[{"embeddable":true,"href":"https:\/\/911exterminateur.com\/en\/wp-json\/wp\/v2\/comments?post=6379"}],"version-history":[{"count":4,"href":"https:\/\/911exterminateur.com\/en\/wp-json\/wp\/v2\/pages\/6379\/revisions"}],"predecessor-version":[{"id":13285,"href":"https:\/\/911exterminateur.com\/en\/wp-json\/wp\/v2\/pages\/6379\/revisions\/13285"}],"wp:attachment":[{"href":"https:\/\/911exterminateur.com\/en\/wp-json\/wp\/v2\/media?parent=6379"}],"curies":[{"name":"wp","href":"https:\/\/api.w.org\/{rel}","templated":true}]}}