{"id":5765,"date":"2016-09-27T00:08:50","date_gmt":"2016-09-26T20:08:50","guid":{"rendered":"http:\/\/911exterminateur.com\/?page_id=5765"},"modified":"2020-03-02T15:34:01","modified_gmt":"2020-03-02T11:34:01","slug":"plan-de-site","status":"publish","type":"page","link":"https:\/\/911exterminateur.com\/en\/site-plan\/","title":{"rendered":"Sitemap"},"content":{"rendered":"<div  data-mk-stretch-content=\"true\" class=\"wpb_row vc_row vc_row-fluid jupiter-donut- mk-fullwidth-false  attched-false     js-master-row  mk-grid\">\n\t\t\t\t\n<div class=\"vc_col-sm-12 wpb_column column_container  jupiter-donut- _ jupiter-donut-height-full\">\n\t\n<div id=\"padding-2\" class=\"mk-padding-divider jupiter-donut-  jupiter-donut-clearfix\"><\/div>\n\n\n<div id=\"text-block-3\" class=\"mk-text-block  jupiter-donut-\">\n\n\t\n\t<div id=\"simple-sitemap-container-69ea3f7cdd96e\" class=\"simple-sitemap-container simple-sitemap-container-69ea3f7cdd96e tab-disabled\"><div class=\"simple-sitemap-wrap\"><h3 class=\"post-type\">Pages<\/h3><ul class=\"simple-sitemap-page main\"><li class=\"sitemap-item page_item page-item-13130\"><a href=\"https:\/\/911exterminateur.com\/en\/about-us\/\">About us<\/a><\/li>\n<li class=\"sitemap-item page_item page-item-35\"><a href=\"https:\/\/911exterminateur.com\/en\/\">Home<\/a><\/li>\n<li class=\"sitemap-item page_item page-item-10460\"><a href=\"https:\/\/911exterminateur.com\/en\/reviews\/\">Reviews<\/a><\/li>\n<li class=\"sitemap-item page_item page-item-33\"><a href=\"https:\/\/911exterminateur.com\/en\/our-blog\/\">Blog<\/a><\/li>\n<li class=\"sitemap-item page_item page-item-6379\"><a href=\"https:\/\/911exterminateur.com\/en\/conditions-dutilisation\/\">Conditions of use<\/a><\/li>\n<li class=\"sitemap-item page_item page-item-4902\"><a href=\"https:\/\/911exterminateur.com\/en\/spider-extermination\/\">Spider exterminator<\/a><\/li>\n<li class=\"sitemap-item page_item page-item-4763\"><a href=\"https:\/\/911exterminateur.com\/en\/extermination-woodlouse\/\">Woodlouse exterminator<\/a><\/li>\n<li class=\"sitemap-item page_item page-item-5517\"><a href=\"https:\/\/911exterminateur.com\/en\/cockroach-extermination\/\">Cockroach exterminator<\/a><\/li>\n<li class=\"sitemap-item page_item page-item-5513\"><a href=\"https:\/\/911exterminateur.com\/en\/larder-beetle-extermination\/\">Larder beetle exterminator<\/a><\/li>\n<li class=\"sitemap-item page_item page-item-4916\"><a href=\"https:\/\/911exterminateur.com\/en\/wasp-extermination\/\">Wasp exterminator<\/a><\/li>\n<li class=\"sitemap-item page_item page-item-6107\"><a href=\"https:\/\/911exterminateur.com\/en\/extermination-longueuil\/\">Exterminator Longueuil<\/a><\/li>\n<li class=\"sitemap-item page_item page-item-12843\"><a href=\"https:\/\/911exterminateur.com\/en\/exterminator-montreal\/\">Montr\u00e9al<\/a><\/li>\n<li class=\"sitemap-item page_item page-item-5536\"><a href=\"https:\/\/911exterminateur.com\/en\/extermination-of-earwigs\/\">Earwig exterminator<\/a><\/li>\n<li class=\"sitemap-item page_item page-item-11240\"><a href=\"https:\/\/911exterminateur.com\/en\/silverfish-extermination\/\">Silverfish exterminator<\/a><\/li>\n<li class=\"sitemap-item page_item page-item-4730\"><a href=\"https:\/\/911exterminateur.com\/en\/bedbug-extermination\/\">Bedbug Exterminator<\/a><\/li>\n<li class=\"sitemap-item page_item page-item-4752\"><a href=\"https:\/\/911exterminateur.com\/en\/mice\/\">Mice Extermination<\/a><\/li>\n<li class=\"sitemap-item page_item page-item-4514\"><a href=\"https:\/\/911exterminateur.com\/en\/terrebonne-exterminator\/\">Terrebonne Exterminator<\/a><\/li>\n<li class=\"sitemap-item page_item page-item-4532\"><a href=\"https:\/\/911exterminateur.com\/en\/exterminator-laval\/\">Extermination in Laval<\/a><\/li>\n<li class=\"sitemap-item page_item page-item-4522\"><a href=\"https:\/\/911exterminateur.com\/en\/extermination-repentigny\/\">Extermination in Repentigny<\/a><\/li>\n<li class=\"sitemap-item page_item page-item-5506\"><a href=\"https:\/\/911exterminateur.com\/en\/extermination-carpet-beetles\/\">Carpet Beetle Extermination<\/a><\/li>\n<li class=\"sitemap-item page_item page-item-4115\"><a href=\"https:\/\/911exterminateur.com\/en\/commercial-extermination\/\">Commercial Extermination<\/a><\/li>\n<li class=\"sitemap-item page_item page-item-5502\"><a href=\"https:\/\/911exterminateur.com\/en\/bee-extermination\/\">Bee extermination<\/a><\/li>\n<li class=\"sitemap-item page_item page-item-6764\"><a href=\"https:\/\/911exterminateur.com\/en\/rodent-extermination\/\">Rodent extermination<\/a><\/li>\n<li class=\"sitemap-item page_item page-item-6167\"><a href=\"https:\/\/911exterminateur.com\/en\/ants\/\">Ant extermination<\/a><\/li>\n<li class=\"sitemap-item page_item page-item-4738\"><a href=\"https:\/\/911exterminateur.com\/en\/carpenter-ant-extermination\/\">Carpenter ant extermination<\/a><\/li>\n<li class=\"sitemap-item page_item page-item-5296\"><a href=\"https:\/\/911exterminateur.com\/en\/odorous-domestic-ant-exterminator\/\">Odorous House Ant Extermination<\/a><\/li>\n<li class=\"sitemap-item page_item page-item-5522\"><a href=\"https:\/\/911exterminateur.com\/en\/pharaoh-ant-exterminator\/\">Pharaoh ant extermination<\/a><\/li>\n<li class=\"sitemap-item page_item page-item-4703\"><a href=\"https:\/\/911exterminateur.com\/en\/extermination-rodents-field-mouse\/\">Mulot extermination<\/a><\/li>\n<li class=\"sitemap-item page_item page-item-4689\"><a href=\"https:\/\/911exterminateur.com\/en\/flea-extermination\/\">Flea Extermination<\/a><\/li>\n<li class=\"sitemap-item page_item page-item-5526\"><a href=\"https:\/\/911exterminateur.com\/en\/rat-extermination\/\">Rat extermination<\/a><\/li>\n<li class=\"sitemap-item page_item page-item-4103\"><a href=\"https:\/\/911exterminateur.com\/en\/residential-extermination\/\">Residential Extermination<\/a><\/li>\n<li class=\"sitemap-item page_item page-item-6145\"><a href=\"https:\/\/911exterminateur.com\/en\/montreal-north-shore-extermination\/\">Montreal North Shore Extermination<\/a><\/li>\n<li class=\"sitemap-item page_item page-item-4976\"><a href=\"https:\/\/911exterminateur.com\/en\/extermination-south-shore\/\">Extermination South Shore<\/a><\/li>\n<li class=\"sitemap-item page_item page-item-4799\"><a href=\"https:\/\/911exterminateur.com\/en\/centipede-extermination\/\">Centipede - Scutigera extermination<\/a><\/li>\n<li class=\"sitemap-item page_item page-item-4720\"><a href=\"https:\/\/911exterminateur.com\/en\/tick-extermination\/\">Tick Extermination<\/a><\/li>\n<li class=\"sitemap-item page_item page-item-1943\"><a href=\"https:\/\/911exterminateur.com\/en\/extermination-insects-and-rodents\/\">Identification of insects and rodents<\/a><\/li>\n<li class=\"sitemap-item page_item page-item-10610\"><a href=\"https:\/\/911exterminateur.com\/en\/contact-us-greater-montreal\/\">Contact us<\/a><\/li>\n<li class=\"sitemap-item page_item page-item-5765\"><a href=\"https:\/\/911exterminateur.com\/en\/site-plan\/\">Sitemap<\/a><\/li>\n<li class=\"sitemap-item page_item page-item-12114\"><a href=\"https:\/\/911exterminateur.com\/en\/cookie-policy-ca\/\">Cookie Policy<\/a><\/li>\n<li class=\"sitemap-item page_item page-item-7820\"><a href=\"https:\/\/911exterminateur.com\/en\/thank-you\/\">Thank you<\/a><\/li>\n<li class=\"sitemap-item page_item page-item-3349\"><a href=\"https:\/\/911exterminateur.com\/en\/extermination-services\/\">Extermination services<\/a><\/li>\n<\/ul><\/div><\/div><br style=\"clear: both;\"><br \/>\n<div id=\"simple-sitemap-container-69ea3f7ce340e\" class=\"simple-sitemap-container simple-sitemap-container-69ea3f7ce340e\"><h3 class=\"post-type\">Posts<\/h3><div class=\"simple-sitemap-wrap extermination\"><h3 class=\"term-tag\">Extermination Blog<\/h3><ul class=\"simple-sitemap-post main\"><li class=\"sitemap-item\"><a href=\"https:\/\/911exterminateur.com\/en\/cloportes-dans-la-maison\/\">Woodlice in the house?<\/a><\/li><li class=\"sitemap-item\"><a href=\"https:\/\/911exterminateur.com\/en\/extermination-laval-cost\/\">How much does an extermination service in Laval cost?<\/a><\/li><li class=\"sitemap-item\"><a href=\"https:\/\/911exterminateur.com\/en\/how-to-prevent-a-rat-infestation\/\">How to Prevent a Rat Infestation<\/a><\/li><li class=\"sitemap-item\"><a href=\"https:\/\/911exterminateur.com\/en\/prevent-mouse-invasion-montreal\/\">How to avoid a mouse invasion in Montreal this fall<\/a><\/li><li class=\"sitemap-item\"><a href=\"https:\/\/911exterminateur.com\/en\/ant-home-invasion\/\">How to get rid of ants in the house?<\/a><\/li><li class=\"sitemap-item\"><a href=\"https:\/\/911exterminateur.com\/en\/comment-trouver-un-bon-exterminateur\/\">How to find a good exterminator?<\/a><\/li><li class=\"sitemap-item\"><a href=\"https:\/\/911exterminateur.com\/en\/carpenter-ant-exterminator-montreal-prices-and-treatments-2025\/\">Carpenter Ant Exterminator Greater Montreal: Prices and Effective Treatments in 2025<\/a><\/li><li class=\"sitemap-item\"><a href=\"https:\/\/911exterminateur.com\/en\/ant-extermination-cost\/\">Ant Extermination Cost<\/a><\/li><li class=\"sitemap-item\"><a href=\"https:\/\/911exterminateur.com\/en\/low-cost-extermination-in-montreal\/\">Low cost extermination in Montreal<\/a><\/li><li class=\"sitemap-item\"><a href=\"https:\/\/911exterminateur.com\/en\/extermination-pour-les-logements\/\">Building extermination<\/a><\/li><li class=\"sitemap-item\"><a href=\"https:\/\/911exterminateur.com\/en\/wasp-in-the-house\/\">Wasp in the House<\/a><\/li><li class=\"sitemap-item\"><a href=\"https:\/\/911exterminateur.com\/en\/mouse-infestations-montreal-extermination-solutions\/\">Mouse infestations on the rise in Montreal: effective extermination solutions<\/a><\/li><li class=\"sitemap-item\"><a href=\"https:\/\/911exterminateur.com\/en\/mouse-infestation\/\">Mice infestation<\/a><\/li><li class=\"sitemap-item\"><a href=\"https:\/\/911exterminateur.com\/en\/insects-landscaping\/\">Insects &amp; Landscaping<\/a><\/li><li class=\"sitemap-item\"><a href=\"https:\/\/911exterminateur.com\/en\/lextermination-et-la-sante\/\">Extermination and health<\/a><\/li><li class=\"sitemap-item\"><a href=\"https:\/\/911exterminateur.com\/en\/best-exterminator-in-montreal\/\">Best exterminator in Montreal<\/a><\/li><li class=\"sitemap-item\"><a href=\"https:\/\/911exterminateur.com\/en\/mice-extermination-cost\/\">Mice extermination cost<\/a><\/li><li class=\"sitemap-item\"><a href=\"https:\/\/911exterminateur.com\/en\/find-the-best-exterminator\/\">Find the Best Extermination Specialist<\/a><\/li><li class=\"sitemap-item\"><a href=\"https:\/\/911exterminateur.com\/en\/calling-a-mouse-exterminator\/\">Is a mouse exterminator really essential?<\/a><\/li><\/ul><\/div><div class=\"simple-sitemap-wrap extermination-commerciale\"><h3 class=\"term-tag\">Commercial Extermination<\/h3><ul class=\"simple-sitemap-post main\"><li class=\"sitemap-item\"><a href=\"https:\/\/911exterminateur.com\/en\/extermination-pharmaceutique\/\">Pharmaceutical Extermination<\/a><\/li><li class=\"sitemap-item\"><a href=\"https:\/\/911exterminateur.com\/en\/extermination-pour-restaurants\/\">Extermination for restaurants<\/a><\/li><li class=\"sitemap-item\"><a href=\"https:\/\/911exterminateur.com\/en\/pest-management-hotels\/\">Pest control hotels<\/a><\/li><\/ul><\/div><div class=\"simple-sitemap-wrap fourmis\"><h3 class=\"term-tag\">Ants<\/h3><ul class=\"simple-sitemap-post main\"><li class=\"sitemap-item\"><a href=\"https:\/\/911exterminateur.com\/en\/tips-for-ridding-your-house-of-all-ants\/\">10 natural tricks to get rid of ants<\/a><\/li><li class=\"sitemap-item\"><a href=\"https:\/\/911exterminateur.com\/en\/ant-home-invasion\/\">How to get rid of ants in the house?<\/a><\/li><li class=\"sitemap-item\"><a href=\"https:\/\/911exterminateur.com\/en\/carpenter-ant-exterminator-montreal-prices-and-treatments-2025\/\">Carpenter Ant Exterminator Greater Montreal: Prices and Effective Treatments in 2025<\/a><\/li><li class=\"sitemap-item\"><a href=\"https:\/\/911exterminateur.com\/en\/ant-extermination-cost\/\">Ant Extermination Cost<\/a><\/li><li class=\"sitemap-item\"><a href=\"https:\/\/911exterminateur.com\/en\/ant-infestation\/\">Ant infestation<\/a><\/li><li class=\"sitemap-item\"><a href=\"https:\/\/911exterminateur.com\/en\/insects-landscaping\/\">Insects &amp; Landscaping<\/a><\/li><\/ul><\/div><div class=\"simple-sitemap-wrap insectes\"><h3 class=\"term-tag\">Insects<\/h3><ul class=\"simple-sitemap-post main\"><li class=\"sitemap-item\"><a href=\"https:\/\/911exterminateur.com\/en\/tips-for-ridding-your-house-of-all-ants\/\">10 natural tricks to get rid of ants<\/a><\/li><li class=\"sitemap-item\"><a href=\"https:\/\/911exterminateur.com\/en\/infestation-de-punaise-de-lit\/\">How to prevent a bed bug infestation?<\/a><\/li><li class=\"sitemap-item\"><a href=\"https:\/\/911exterminateur.com\/en\/ant-home-invasion\/\">How to get rid of ants in the house?<\/a><\/li><li class=\"sitemap-item\"><a href=\"https:\/\/911exterminateur.com\/en\/carpenter-ant-exterminator-montreal-prices-and-treatments-2025\/\">Carpenter Ant Exterminator Greater Montreal: Prices and Effective Treatments in 2025<\/a><\/li><li class=\"sitemap-item\"><a href=\"https:\/\/911exterminateur.com\/en\/ant-extermination-cost\/\">Ant Extermination Cost<\/a><\/li><li class=\"sitemap-item\"><a href=\"https:\/\/911exterminateur.com\/en\/wasp-in-the-house\/\">Wasp in the House<\/a><\/li><li class=\"sitemap-item\"><a href=\"https:\/\/911exterminateur.com\/en\/ant-infestation\/\">Ant infestation<\/a><\/li><li class=\"sitemap-item\"><a href=\"https:\/\/911exterminateur.com\/en\/informations-sur-les-punaises-de-lit\/\">Bed bug information<\/a><\/li><li class=\"sitemap-item\"><a href=\"https:\/\/911exterminateur.com\/en\/insects-landscaping\/\">Insects &amp; Landscaping<\/a><\/li><li class=\"sitemap-item\"><a href=\"https:\/\/911exterminateur.com\/en\/la-blatte-reproduction-prevention-traitement\/\">THE COCKROACH, reproduction, prevention and treatment<\/a><\/li><li class=\"sitemap-item\"><a href=\"https:\/\/911exterminateur.com\/en\/how-to-get-rid-of-bed-bugs\/\">Get rid of bed bugs<\/a><\/li><\/ul><\/div><div class=\"simple-sitemap-wrap punaise-de-lit\"><h3 class=\"term-tag\">Bed bugs<\/h3><ul class=\"simple-sitemap-post main\"><li class=\"sitemap-item\"><a href=\"https:\/\/911exterminateur.com\/en\/infestation-de-punaise-de-lit\/\">How to prevent a bed bug infestation?<\/a><\/li><li class=\"sitemap-item\"><a href=\"https:\/\/911exterminateur.com\/en\/informations-sur-les-punaises-de-lit\/\">Bed bug information<\/a><\/li><li class=\"sitemap-item\"><a href=\"https:\/\/911exterminateur.com\/en\/how-to-get-rid-of-bed-bugs\/\">Get rid of bed bugs<\/a><\/li><li class=\"sitemap-item\"><a href=\"https:\/\/911exterminateur.com\/en\/everything-you-need-to-know-about-bed-bugs\/\">Everything you need to know about bed bugs<\/a><\/li><\/ul><\/div><div class=\"simple-sitemap-wrap rongeurs\"><h3 class=\"term-tag\">Rodents<\/h3><ul class=\"simple-sitemap-post main\"><li class=\"sitemap-item\"><a href=\"https:\/\/911exterminateur.com\/en\/how-to-prevent-a-rat-infestation\/\">How to Prevent a Rat Infestation<\/a><\/li><li class=\"sitemap-item\"><a href=\"https:\/\/911exterminateur.com\/en\/prevent-mouse-invasion-montreal\/\">How to avoid a mouse invasion in Montreal this fall<\/a><\/li><li class=\"sitemap-item\"><a href=\"https:\/\/911exterminateur.com\/en\/how-to-get-rid-of-mice-problem\/\">How to get rid of mice<\/a><\/li><li class=\"sitemap-item\"><a href=\"https:\/\/911exterminateur.com\/en\/mouse-infestations-montreal-extermination-solutions\/\">Mouse infestations on the rise in Montreal: effective extermination solutions<\/a><\/li><li class=\"sitemap-item\"><a href=\"https:\/\/911exterminateur.com\/en\/mouse-infestation\/\">Mice infestation<\/a><\/li><li class=\"sitemap-item\"><a href=\"https:\/\/911exterminateur.com\/en\/field-mouse-vs-mouse\/\">Field mouse vs Mice<\/a><\/li><li class=\"sitemap-item\"><a href=\"https:\/\/911exterminateur.com\/en\/mice-problem\/\">Mice problem<\/a><\/li><li class=\"sitemap-item\"><a href=\"https:\/\/911exterminateur.com\/en\/mice-in-the-walls\/\">Mice in the walls<\/a><\/li><li class=\"sitemap-item\"><a href=\"https:\/\/911exterminateur.com\/en\/calling-a-mouse-exterminator\/\">Is a mouse exterminator really essential?<\/a><\/li><\/ul><\/div><\/div><br style=\"clear: both\"><\/p>\n\n\t<div class=\"clearboth\"><\/div>\n<\/div>\n\n\n<div id=\"padding-4\" class=\"mk-padding-divider jupiter-donut-  jupiter-donut-clearfix\"><\/div>\n\n<\/div>\n\t<\/div>","protected":false},"excerpt":{"rendered":"Faire appel \u00e0 un exterminateur de souris est-il vraiment n\u00e9cessaire? Obtenez une estimation Appelez nos experts! Faire appel \u00e0 un exterminateur de souris, est-il vraiment n\u00e9cessaire? Les souris au Qu\u00e9bec ne manquent jamais et les infestations des maisons par souris n'est pas chose rare. En effet, l'incidence de ces infestations n'est pas nulle au cours [...]","protected":false},"author":1,"featured_media":6584,"parent":0,"menu_order":0,"comment_status":"closed","ping_status":"closed","template":"","meta":{"footnotes":""},"class_list":["post-5765","page","type-page","status-publish","has-post-thumbnail","hentry"],"yoast_head":"<!-- This site is optimized with the Yoast SEO plugin v27.4 - https:\/\/yoast.com\/product\/yoast-seo-wordpress\/ -->\n<title>Plan de site | 911 Exterminateur<\/title>\n<meta name=\"description\" content=\"Plan de site 911 Exterminateur : Exterminateur \u00e0 Montr\u00e9al, entreprise sp\u00e9cialis\u00e9e dans les services de gestion parasitaires.\" \/>\n<meta name=\"robots\" content=\"index, follow, max-snippet:-1, max-image-preview:large, max-video-preview:-1\" \/>\n<link rel=\"canonical\" href=\"https:\/\/911exterminateur.com\/en\/site-plan\/\" \/>\n<meta property=\"og:locale\" content=\"en_US\" \/>\n<meta property=\"og:type\" content=\"article\" \/>\n<meta property=\"og:title\" content=\"Plan de site | 911 Exterminateur\" \/>\n<meta property=\"og:description\" content=\"Plan de site 911 Exterminateur : Exterminateur \u00e0 Montr\u00e9al, entreprise sp\u00e9cialis\u00e9e dans les services de gestion parasitaires.\" \/>\n<meta property=\"og:url\" content=\"https:\/\/911exterminateur.com\/en\/site-plan\/\" \/>\n<meta property=\"og:site_name\" content=\"911 Exterminateur\" \/>\n<meta property=\"article:modified_time\" content=\"2020-03-02T11:34:01+00:00\" \/>\n<meta property=\"og:image\" content=\"https:\/\/911exterminateur.com\/wp-content\/uploads\/2016\/09\/plan-de-site-e1489427365240.jpg\" \/>\n\t<meta property=\"og:image:width\" content=\"600\" \/>\n\t<meta property=\"og:image:height\" content=\"199\" \/>\n\t<meta property=\"og:image:type\" content=\"image\/jpeg\" \/>\n<meta name=\"twitter:card\" content=\"summary_large_image\" \/>\n<script type=\"application\/ld+json\" class=\"yoast-schema-graph\">{\"@context\":\"https:\\\/\\\/schema.org\",\"@graph\":[{\"@type\":\"WebPage\",\"@id\":\"https:\\\/\\\/911exterminateur.com\\\/en\\\/calling-a-mouse-exterminator#item\",\"url\":\"https:\\\/\\\/911exterminateur.com\\\/en\\\/calling-a-mouse-exterminator\\\/\",\"name\":\"Plan de site | 911 Exterminateur\",\"isPartOf\":{\"@id\":\"https:\\\/\\\/911exterminateur.com\\\/#website\"},\"primaryImageOfPage\":{\"@id\":\"https:\\\/\\\/911exterminateur.com\\\/plan-de-site\\\/#primaryimage\"},\"image\":{\"@id\":\"https:\\\/\\\/911exterminateur.com\\\/plan-de-site\\\/#primaryimage\"},\"thumbnailUrl\":\"https:\\\/\\\/911exterminateur.com\\\/wp-content\\\/uploads\\\/2016\\\/09\\\/plan-de-site-e1489427365240.jpg\",\"datePublished\":\"2016-09-26T20:08:50+00:00\",\"dateModified\":\"2020-03-02T11:34:01+00:00\",\"description\":\"Plan de site 911 Exterminateur : Exterminateur \u00e0 Montr\u00e9al, entreprise sp\u00e9cialis\u00e9e dans les services de gestion parasitaires.\",\"breadcrumb\":{\"@id\":\"https:\\\/\\\/911exterminateur.com\\\/plan-de-site\\\/#breadcrumb\"},\"inLanguage\":\"en-CA\",\"potentialAction\":[{\"@type\":\"ReadAction\",\"target\":[\"https:\\\/\\\/911exterminateur.com\\\/plan-de-site\\\/\"]}]},{\"@type\":\"ImageObject\",\"inLanguage\":\"en-CA\",\"@id\":\"https:\\\/\\\/911exterminateur.com\\\/plan-de-site\\\/#primaryimage\",\"url\":\"https:\\\/\\\/911exterminateur.com\\\/wp-content\\\/uploads\\\/2016\\\/09\\\/plan-de-site-e1489427365240.jpg\",\"contentUrl\":\"https:\\\/\\\/911exterminateur.com\\\/wp-content\\\/uploads\\\/2016\\\/09\\\/plan-de-site-e1489427365240.jpg\",\"width\":600,\"height\":199,\"caption\":\"Plan de site 911 Exterminateur\"},{\"@type\":\"BreadcrumbList\",\"@id\":\"https:\\\/\\\/911exterminateur.com\\\/plan-de-site\\\/#breadcrumb\",\"itemListElement\":[{\"@type\":\"ListItem\",\"position\":1,\"name\":\"Accueil\",\"item\":\"https:\\\/\\\/911exterminateur.com\\\/\"},{\"@type\":\"ListItem\",\"position\":2,\"name\":\"Plan de site\"}]},{\"@type\":\"WebSite\",\"@id\":\"https:\\\/\\\/911exterminateur.com\\\/#website\",\"url\":\"https:\\\/\\\/911exterminateur.com\\\/\",\"name\":\"911 Exterminateur\",\"description\":\"Services en extermination dans la r\u00e9gion du grand Montr\u00e9al\",\"publisher\":{\"@id\":\"https:\\\/\\\/911exterminateur.com\\\/en\\\/about-us\\\/#organization\"},\"potentialAction\":[{\"@type\":\"SearchAction\",\"target\":{\"@type\":\"EntryPoint\",\"urlTemplate\":\"https:\\\/\\\/911exterminateur.com\\\/?s={search_term_string}\"},\"query-input\":{\"@type\":\"PropertyValueSpecification\",\"valueRequired\":true,\"valueName\":\"search_term_string\"}}],\"inLanguage\":\"en-CA\"},{\"@type\":\"Organization\",\"@id\":\"https:\\\/\\\/911exterminateur.com\\\/en\\\/about-us\\\/#organization\",\"name\":\"911 Exterminateur\",\"url\":\"https:\\\/\\\/911exterminateur.com\\\/en\\\/\",\"logo\":{\"@type\":\"ImageObject\",\"inLanguage\":\"en-CA\",\"@id\":\"https:\\\/\\\/911exterminateur.com\\\/#\\\/schema\\\/logo\\\/image\\\/\",\"url\":\"https:\\\/\\\/911exterminateur.com\\\/wp-content\\\/uploads\\\/2023\\\/02\\\/logo-911-extermination.png\",\"contentUrl\":\"https:\\\/\\\/911exterminateur.com\\\/wp-content\\\/uploads\\\/2023\\\/02\\\/logo-911-extermination.png\",\"width\":650,\"height\":488,\"caption\":\"911 Exterminateur\"},\"image\":{\"@id\":\"https:\\\/\\\/911exterminateur.com\\\/#\\\/schema\\\/logo\\\/image\\\/\"}}]}<\/script>\n<!-- \/ Yoast SEO plugin. -->","yoast_head_json":{"title":"Site plan - 911 Exterminator","description":"Site map 911 Exterminator: Exterminator in Montreal, company specializing in pest control services.","robots":{"index":"index","follow":"follow","max-snippet":"max-snippet:-1","max-image-preview":"max-image-preview:large","max-video-preview":"max-video-preview:-1"},"canonical":"https:\/\/911exterminateur.com\/en\/site-plan\/","og_locale":"en_US","og_type":"article","og_title":"Plan de site | 911 Exterminateur","og_description":"Plan de site 911 Exterminateur : Exterminateur \u00e0 Montr\u00e9al, entreprise sp\u00e9cialis\u00e9e dans les services de gestion parasitaires.","og_url":"https:\/\/911exterminateur.com\/en\/site-plan\/","og_site_name":"911 Exterminateur","article_modified_time":"2020-03-02T11:34:01+00:00","og_image":[{"width":600,"height":199,"url":"https:\/\/911exterminateur.com\/wp-content\/uploads\/2016\/09\/plan-de-site-e1489427365240.jpg","type":"image\/jpeg"}],"twitter_card":"summary_large_image","schema":{"@context":"https:\/\/schema.org","@graph":[{"@type":"WebPage","@id":"https:\/\/911exterminateur.com\/en\/calling-a-mouse-exterminator#item","url":"https:\/\/911exterminateur.com\/en\/calling-a-mouse-exterminator\/","name":"Site plan - 911 Exterminator","isPartOf":{"@id":"https:\/\/911exterminateur.com\/#website"},"primaryImageOfPage":{"@id":"https:\/\/911exterminateur.com\/plan-de-site\/#primaryimage"},"image":{"@id":"https:\/\/911exterminateur.com\/plan-de-site\/#primaryimage"},"thumbnailUrl":"https:\/\/911exterminateur.com\/wp-content\/uploads\/2016\/09\/plan-de-site-e1489427365240.jpg","datePublished":"2016-09-26T20:08:50+00:00","dateModified":"2020-03-02T11:34:01+00:00","description":"Site map 911 Exterminator: Exterminator in Montreal, company specializing in pest control services.","breadcrumb":{"@id":"https:\/\/911exterminateur.com\/plan-de-site\/#breadcrumb"},"inLanguage":"en-CA","potentialAction":[{"@type":"ReadAction","target":["https:\/\/911exterminateur.com\/plan-de-site\/"]}]},{"@type":"ImageObject","inLanguage":"en-CA","@id":"https:\/\/911exterminateur.com\/plan-de-site\/#primaryimage","url":"https:\/\/911exterminateur.com\/wp-content\/uploads\/2016\/09\/plan-de-site-e1489427365240.jpg","contentUrl":"https:\/\/911exterminateur.com\/wp-content\/uploads\/2016\/09\/plan-de-site-e1489427365240.jpg","width":600,"height":199,"caption":"Plan de site 911 Exterminateur"},{"@type":"BreadcrumbList","@id":"https:\/\/911exterminateur.com\/plan-de-site\/#breadcrumb","itemListElement":[{"@type":"ListItem","position":1,"name":"Accueil","item":"https:\/\/911exterminateur.com\/"},{"@type":"ListItem","position":2,"name":"Plan de site"}]},{"@type":"WebSite","@id":"https:\/\/911exterminateur.com\/#website","url":"https:\/\/911exterminateur.com\/","name":"911 Exterminateur","description":"Extermination services in the greater Montreal area","publisher":{"@id":"https:\/\/911exterminateur.com\/en\/about-us\/#organization"},"potentialAction":[{"@type":"SearchAction","target":{"@type":"EntryPoint","urlTemplate":"https:\/\/911exterminateur.com\/?s={search_term_string}"},"query-input":{"@type":"PropertyValueSpecification","valueRequired":true,"valueName":"search_term_string"}}],"inLanguage":"en-CA"},{"@type":"Organization","@id":"https:\/\/911exterminateur.com\/en\/about-us\/#organization","name":"911 Exterminateur","url":"https:\/\/911exterminateur.com\/en\/","logo":{"@type":"ImageObject","inLanguage":"en-CA","@id":"https:\/\/911exterminateur.com\/#\/schema\/logo\/image\/","url":"https:\/\/911exterminateur.com\/wp-content\/uploads\/2023\/02\/logo-911-extermination.png","contentUrl":"https:\/\/911exterminateur.com\/wp-content\/uploads\/2023\/02\/logo-911-extermination.png","width":650,"height":488,"caption":"911 Exterminateur"},"image":{"@id":"https:\/\/911exterminateur.com\/#\/schema\/logo\/image\/"}}]}},"_links":{"self":[{"href":"https:\/\/911exterminateur.com\/en\/wp-json\/wp\/v2\/pages\/5765","targetHints":{"allow":["GET"]}}],"collection":[{"href":"https:\/\/911exterminateur.com\/en\/wp-json\/wp\/v2\/pages"}],"about":[{"href":"https:\/\/911exterminateur.com\/en\/wp-json\/wp\/v2\/types\/page"}],"author":[{"embeddable":true,"href":"https:\/\/911exterminateur.com\/en\/wp-json\/wp\/v2\/users\/1"}],"replies":[{"embeddable":true,"href":"https:\/\/911exterminateur.com\/en\/wp-json\/wp\/v2\/comments?post=5765"}],"version-history":[{"count":0,"href":"https:\/\/911exterminateur.com\/en\/wp-json\/wp\/v2\/pages\/5765\/revisions"}],"wp:featuredmedia":[{"embeddable":true,"href":"https:\/\/911exterminateur.com\/en\/wp-json\/wp\/v2\/media\/6584"}],"wp:attachment":[{"href":"https:\/\/911exterminateur.com\/en\/wp-json\/wp\/v2\/media?parent=5765"}],"curies":[{"name":"wp","href":"https:\/\/api.w.org\/{rel}","templated":true}]}}